{"id":392,"date":"2024-02-04T14:40:23","date_gmt":"2024-02-04T14:40:23","guid":{"rendered":"https:\/\/zigzagzig.ro\/?page_id=392"},"modified":"2025-04-02T19:39:55","modified_gmt":"2025-04-02T19:39:55","slug":"services","status":"publish","type":"page","link":"https:\/\/zigzagzig.ro\/en\/services\/","title":{"rendered":"Services"},"content":{"rendered":"<div id=\"fws_69fae34f3303c\"  data-column-margin=\"default\" data-midnight=\"dark\"  class=\"wpb_row vc_row-fluid vc_row  top_margin_31px top_margin_phone_7px\"  style=\"padding-top: 0px; padding-bottom: 0px; \"><div class=\"row-bg-wrap\" data-bg-animation=\"none\" data-bg-animation-delay=\"\" data-bg-overlay=\"false\"><div class=\"inner-wrap row-bg-layer\" ><div class=\"row-bg viewport-desktop\"  style=\"\"><\/div><\/div><\/div><div class=\"row_col_wrap_12 col span_12 dark left\">\n\t<div style=\"margin-top: 36px; \" class=\"vc_col-sm-6 wpb_column column_container vc_column_container col no-extra-padding force-phone-text-align-center inherit_tablet inherit_phone\"  data-padding-pos=\"all\" data-has-bg-color=\"false\" data-bg-color=\"\" data-bg-opacity=\"1\" data-animation=\"\" data-delay=\"0\" >\n\t\t<div class=\"vc_column-inner\" >\n\t\t\t<div class=\"wpb_wrapper\">\n\t\t\t\t\n<div class=\"wpb_text_column wpb_content_element  wpb_animate_when_almost_visible wpb_fadeInLeft fadeInLeft\" >\n\t<h1>OUR SERVICES<\/h1>\n<\/div>\n\n\n\n\n\t\t\t<\/div> \n\t\t<\/div>\n\t<\/div> \n\n\t<div  class=\"vc_col-sm-6 wpb_column column_container vc_column_container col no-extra-padding inherit_tablet inherit_phone\"  data-padding-pos=\"all\" data-has-bg-color=\"false\" data-bg-color=\"\" data-bg-opacity=\"1\" data-animation=\"\" data-delay=\"0\" >\n\t\t<div class=\"vc_column-inner\" >\n\t\t\t<div class=\"wpb_wrapper\">\n\t\t\t\t<div class=\"toggles  toggles--minimal-shadow\" data-br=\"15px\" data-starting=\"default\" data-style=\"minimal\"><div class=\"toggle extra-color-1\" data-inner-wrap=\"true\"><h3 class=\"toggle-title\"><a href=\"#\" role=\"button\" class=\"nectar-inherit-h2 toggle-heading\"><i role=\"presentation\" class=\"fa fa-plus\"><\/i>Visual Identity<\/a><\/h3><div><div class=\"inner-toggle-wrap\">\n<div class=\"wpb_text_column wpb_content_element\" >\n\t<p data-sourcepos=\"3:1-3:175\"><strong>We create <a href=\"https:\/\/zigzagzig.ro\/en\/the-significance-of-quality-graphic-design-in-business-success\/\">unique and memorable visual identities<\/a><\/strong> that will help you stand out from the competition and build a strong brand image. Our services include:<\/p>\n<ul data-sourcepos=\"5:1-9:0\">\n<li data-sourcepos=\"5:1-5:13\">Logo design<\/li>\n<li data-sourcepos=\"6:1-6:30\">Visual Identity<\/li>\n<li data-sourcepos=\"7:1-7:21\">Stationery design<\/li>\n<li data-sourcepos=\"8:1-9:0\">Ads design<\/li>\n<\/ul>\n<\/div>\n\n\n\n<\/div><\/div><\/div><div class=\"toggle extra-color-1\" data-inner-wrap=\"true\"><h3 class=\"toggle-title\"><a href=\"#\" role=\"button\" class=\"nectar-inherit-h2 toggle-heading\"><i role=\"presentation\" class=\"fa fa-plus\"><\/i>Packaging design<\/a><\/h3><div><div class=\"inner-toggle-wrap\">\n<div class=\"wpb_text_column wpb_content_element\" >\n\t<ul data-sourcepos=\"11:1-14:0\">\n<li data-sourcepos=\"11:1-11:49\">We design attractive and functional packaging<\/li>\n<li data-sourcepos=\"12:1-12:51\">Increase your product\u2019s visibility on the shelf<\/li>\n<li data-sourcepos=\"13:1-14:0\">Boost sales with eye-catching design<\/li>\n<\/ul>\n<\/div>\n\n\n\n<\/div><\/div><\/div><div class=\"toggle default\" data-inner-wrap=\"true\"><h3 class=\"toggle-title\"><a href=\"#\" role=\"button\" class=\"nectar-inherit-h2 toggle-heading\"><i role=\"presentation\" class=\"fa fa-plus\"><\/i>Web design<\/a><\/h3><div><div class=\"inner-toggle-wrap\">\n<div class=\"wpb_text_column wpb_content_element\" >\n\t<p>We create modern websites<\/p>\n<ul data-sourcepos=\"17:1-20:0\">\n<li data-sourcepos=\"18:1-18:59\">Attract more clients with outstanding web design<\/li>\n<li data-sourcepos=\"19:1-20:0\">Grow your business with a strong online presence<\/li>\n<\/ul>\n<\/div>\n\n\n\n<\/div><\/div><\/div><div class=\"toggle default\" data-inner-wrap=\"true\"><h3 class=\"toggle-title\"><a href=\"#\" role=\"button\" class=\"nectar-inherit-h2 toggle-heading\"><i role=\"presentation\" class=\"fa fa-plus\"><\/i>Illustrations<\/a><\/h3><div><div class=\"inner-toggle-wrap\">\n<div class=\"wpb_text_column wpb_content_element\" >\n\t<ul data-sourcepos=\"23:1-26:0\">\n<li data-sourcepos=\"23:1-23:53\">We bring your story to life with original illustrations<\/li>\n<li data-sourcepos=\"24:1-24:54\">Capture your audience\u2019s attention with expressive visuals<\/li>\n<li data-sourcepos=\"25:1-26:0\">Communicate your message clearly and concisely<\/li>\n<\/ul>\n<\/div>\n\n\n\n<\/div><\/div><\/div><div class=\"toggle extra-color-1\" data-inner-wrap=\"true\"><h3 class=\"toggle-title\"><a href=\"#\" role=\"button\" class=\"nectar-inherit-h2 toggle-heading\"><i role=\"presentation\" class=\"fa fa-plus\"><\/i>Animations<\/a><\/h3><div><div class=\"inner-toggle-wrap\">\n<div class=\"wpb_text_column wpb_content_element\" >\n\t<ul data-sourcepos=\"29:1-32:0\">\n<li data-sourcepos=\"29:1-29:39\">We create high-quality animations<\/li>\n<li data-sourcepos=\"30:1-30:58\">Showcase your product or service in a unique way<\/li>\n<li data-sourcepos=\"31:1-32:0\">Make your brand memorable with creative animations<\/li>\n<\/ul>\n<\/div>\n\n\n\n<\/div><\/div><\/div><\/div>\n\t\t\t<\/div> \n\t\t<\/div>\n\t<\/div> \n<\/div><\/div>\n\t\t<div id=\"fws_69fae34f34520\"  data-column-margin=\"default\" data-midnight=\"dark\"  class=\"wpb_row vc_row-fluid vc_row full-width-content vc_row-o-equal-height vc_row-flex vc_row-o-content-top\"  style=\"padding-top: 0px; padding-bottom: 0px; \"><div class=\"row-bg-wrap\" data-bg-animation=\"none\" data-bg-animation-delay=\"\" data-bg-overlay=\"false\"><div class=\"inner-wrap row-bg-layer\" ><div class=\"row-bg viewport-desktop\"  style=\"\"><\/div><\/div><\/div><div class=\"row_col_wrap_12 col span_12 dark left\">\n\t<div  class=\"vc_col-sm-12 wpb_column column_container vc_column_container col no-extra-padding inherit_tablet inherit_phone\"  data-padding-pos=\"all\" data-has-bg-color=\"false\" data-bg-color=\"\" data-bg-opacity=\"1\" data-animation=\"\" data-delay=\"0\" >\n\t\t<div class=\"vc_column-inner\" >\n\t\t\t<div class=\"wpb_wrapper\">\n\t\t\t\t<div class=\"divider-wrap\" data-alignment=\"center\"><div style=\"margin-top: 12.5px; width: 20%; height: 2px; margin-bottom: 12.5px;\" data-width=\"20%\" data-animate=\"\" data-animation-delay=\"\" data-color=\"default\" class=\"divider-small-border\"><\/div><\/div>\n\t\t\t<\/div> \n\t\t<\/div>\n\t<\/div> \n<\/div><\/div>\n\t\t<div id=\"fws_69fae34f34792\"  data-column-margin=\"default\" data-midnight=\"dark\"  class=\"wpb_row vc_row-fluid vc_row\"  style=\"padding-top: 0px; padding-bottom: 0px; \"><div class=\"row-bg-wrap\" data-bg-animation=\"none\" data-bg-animation-delay=\"\" data-bg-overlay=\"false\"><div class=\"inner-wrap row-bg-layer\" ><div class=\"row-bg viewport-desktop\"  style=\"\"><\/div><\/div><\/div><div class=\"row_col_wrap_12 col span_12 dark left\">\n\t<div style=\"margin-top: 50px; \" class=\"vc_col-sm-12 wpb_column column_container vc_column_container col no-extra-padding inherit_tablet inherit_phone\"  data-padding-pos=\"all\" data-has-bg-color=\"false\" data-bg-color=\"\" data-bg-opacity=\"1\" data-animation=\"\" data-delay=\"0\" >\n\t\t<div class=\"vc_column-inner\" >\n\t\t\t<div class=\"wpb_wrapper\">\n\t\t\t\t<div class=\"nectar-responsive-text font_size_desktop_70px font_size_phone_30px font_line_height_1px nectar-link-underline-effect\"><h5 style=\"text-align: center\" data-sourcepos=\"1:1-1:39\">Ready to bring your ideas to life?<\/h5>\n<\/div>\n\t\t\t<\/div> \n\t\t<\/div>\n\t<\/div> \n<\/div><\/div>\n\t\t<div id=\"fws_69fae34f34ad9\"  data-column-margin=\"default\" data-midnight=\"dark\"  class=\"wpb_row vc_row-fluid vc_row\"  style=\"padding-top: 0px; padding-bottom: 0px; \"><div class=\"row-bg-wrap\" data-bg-animation=\"none\" data-bg-animation-delay=\"\" data-bg-overlay=\"false\"><div class=\"inner-wrap row-bg-layer\" ><div class=\"row-bg viewport-desktop\"  style=\"\"><\/div><\/div><\/div><div class=\"row_col_wrap_12 col span_12 dark left\">\n\t<div  class=\"vc_col-sm-12 wpb_column column_container vc_column_container col centered-text no-extra-padding force-desktop-text-align-center inherit_tablet inherit_phone\"  data-padding-pos=\"all\" data-has-bg-color=\"false\" data-bg-color=\"\" data-bg-opacity=\"1\" data-animation=\"\" data-delay=\"0\" >\n\t\t<div class=\"vc_column-inner\" >\n\t\t\t<div class=\"wpb_wrapper\">\n\t\t\t\t<div class=\"nectar-cta  text_hover_color_ffce59 alignment_tablet_default alignment_phone_default display_tablet_inherit display_phone_inherit font_size_desktop_40px font_size_phone_20px\" data-color=\"default\" data-using-bg=\"false\" data-style=\"arrow-animation\" data-display=\"block\" data-alignment=\"center\" data-text-color=\"custom\" style=\"--nectar-text-color: #1c64fe; --nectar-button-color: var(--nectar-default); --nectar-text-color-hover: #ffce59; --nectar-icon-gap: 10px; \"><h6 style=\"color: #1c64fe;\"><span class=\"link_wrap\" ><a  class=\"link_text\" role=\"button\" href=\"https:\/\/zigzagzig.ro\/en\/contact\/\"><span class=\"text\">Contact us today<\/span><svg class=\"next-arrow\" aria-hidden=\"true\" width=\"20px\" height=\"25px\" viewbox=\"0 0 50 80\" xml:space=\"preserve\">\n  <polyline stroke=\"#ffffff\" stroke-width=\"9\" fill=\"none\" stroke-linecap=\"round\" stroke-linejoin=\"round\" points=\"0, 0 45, 40 0, 80\"\/>\n  <\/svg>  <span aria-hidden=\"true\" class=\"line\"  style=\"background-color: #1c64fe;\"><\/span> <\/a><\/span><\/h6><\/div>\n\t\t\t<\/div> \n\t\t<\/div>\n\t<\/div> \n<\/div><\/div>","protected":false},"excerpt":{"rendered":"SERVICIILE NOASTRE Identitate vizual\u0103 Cre\u0103m identit\u0103\u021bi vizuale unice \u0219i memorabile care te vor ajuta s\u0103 te diferen\u021biezi de concuren\u021b\u0103 \u0219i s\u0103 construie\u0219ti o imagine de brand puternic\u0103. Serviciile noastre includ:...","protected":false},"author":1,"featured_media":0,"parent":0,"menu_order":0,"comment_status":"closed","ping_status":"closed","template":"","meta":{"_seopress_robots_primary_cat":"","_seopress_titles_title":"Servicii - Studio de graphic design","_seopress_titles_desc":"Servicii complete de design grafic: de la logo-uri la materiale de marketing, v\u0103 ajut\u0103m s\u0103 v\u0103 crea\u021bi o identitate de brand memorabil\u0103.","_seopress_robots_index":"","content-type":"","footnotes":""},"class_list":["post-392","page","type-page","status-publish"],"_links":{"self":[{"href":"https:\/\/zigzagzig.ro\/en\/wp-json\/wp\/v2\/pages\/392","targetHints":{"allow":["GET"]}}],"collection":[{"href":"https:\/\/zigzagzig.ro\/en\/wp-json\/wp\/v2\/pages"}],"about":[{"href":"https:\/\/zigzagzig.ro\/en\/wp-json\/wp\/v2\/types\/page"}],"author":[{"embeddable":true,"href":"https:\/\/zigzagzig.ro\/en\/wp-json\/wp\/v2\/users\/1"}],"replies":[{"embeddable":true,"href":"https:\/\/zigzagzig.ro\/en\/wp-json\/wp\/v2\/comments?post=392"}],"version-history":[{"count":2,"href":"https:\/\/zigzagzig.ro\/en\/wp-json\/wp\/v2\/pages\/392\/revisions"}],"predecessor-version":[{"id":1413,"href":"https:\/\/zigzagzig.ro\/en\/wp-json\/wp\/v2\/pages\/392\/revisions\/1413"}],"wp:attachment":[{"href":"https:\/\/zigzagzig.ro\/en\/wp-json\/wp\/v2\/media?parent=392"}],"curies":[{"name":"wp","href":"https:\/\/api.w.org\/{rel}","templated":true}]}}