{"id":570,"date":"2024-02-05T01:00:38","date_gmt":"2024-02-05T01:00:38","guid":{"rendered":"https:\/\/zigzagzig.ro\/?page_id=570"},"modified":"2024-03-07T11:51:42","modified_gmt":"2024-03-07T11:51:42","slug":"contact","status":"publish","type":"page","link":"https:\/\/zigzagzig.ro\/en\/contact\/","title":{"rendered":"Contact"},"content":{"rendered":"<div id=\"fws_69fae3e0ee838\"  data-column-margin=\"default\" data-midnight=\"dark\"  class=\"wpb_row vc_row-fluid vc_row\"  style=\"padding-top: 0px; padding-bottom: 0px; \"><div class=\"row-bg-wrap\" data-bg-animation=\"none\" data-bg-animation-delay=\"\" data-bg-overlay=\"false\"><div class=\"inner-wrap row-bg-layer\" ><div class=\"row-bg viewport-desktop\"  style=\"\"><\/div><\/div><\/div><div class=\"row_col_wrap_12 col span_12 dark left\">\n\t<div  class=\"vc_col-sm-6 wpb_column column_container vc_column_container col no-extra-padding inherit_tablet inherit_phone\"  data-padding-pos=\"all\" data-has-bg-color=\"false\" data-bg-color=\"\" data-bg-opacity=\"1\" data-animation=\"\" data-delay=\"0\" >\n\t\t<div class=\"vc_column-inner\" >\n\t\t\t<div class=\"wpb_wrapper\">\n\t\t\t\t\n<div class=\"wpb_text_column wpb_content_element\" >\n\t<h1>Contact<\/h1>\n<h2>Got a project in mind? Want to work together? Or just curious? Fill out the form or schedule a free meeting <a href=\"https:\/\/calendly.com\/andrei-matei2802\/30min\">here<\/a> and let\u2019s talk!<\/h2>\n<\/div>\n\n\n\n\n\t\t\t<\/div> \n\t\t<\/div>\n\t<\/div> \n\n\t<div  class=\"vc_col-sm-6 wpb_column column_container vc_column_container col no-extra-padding inherit_tablet inherit_phone\"  data-padding-pos=\"all\" data-has-bg-color=\"false\" data-bg-color=\"\" data-bg-opacity=\"1\" data-animation=\"\" data-delay=\"0\" >\n\t\t<div class=\"vc_column-inner\" >\n\t\t\t<div class=\"wpb_wrapper\">\n\t\t\t\t\n\t<div class=\"wpb_raw_code wpb_raw_html wpb_content_element\" >\n\t\t<div class=\"wpb_wrapper\">\n\t\t\t\n<div class=\"wpcf7 no-js\" id=\"wpcf7-f807-o1\" lang=\"en-US\" dir=\"ltr\" data-wpcf7-id=\"807\">\n<div class=\"screen-reader-response\"><p role=\"status\" aria-live=\"polite\" aria-atomic=\"true\"><\/p> <ul><\/ul><\/div>\n<form action=\"\/en\/wp-json\/wp\/v2\/pages\/570#wpcf7-f807-o1\" method=\"post\" class=\"wpcf7-form init\" aria-label=\"Contact form\" novalidate=\"novalidate\" data-status=\"init\" data-trp-original-action=\"\/en\/wp-json\/wp\/v2\/pages\/570#wpcf7-f807-o1\">\n<fieldset class=\"hidden-fields-container\"><input type=\"hidden\" name=\"_wpcf7\" value=\"807\" \/><input type=\"hidden\" name=\"_wpcf7_version\" value=\"6.1.5\" \/><input type=\"hidden\" name=\"_wpcf7_locale\" value=\"en_US\" \/><input type=\"hidden\" name=\"_wpcf7_unit_tag\" value=\"wpcf7-f807-o1\" \/><input type=\"hidden\" name=\"_wpcf7_container_post\" value=\"0\" \/><input type=\"hidden\" name=\"_wpcf7_posted_data_hash\" value=\"\" \/><input type=\"hidden\" name=\"_wpcf7_recaptcha_response\" value=\"\" \/>\n<\/fieldset>\n<p><label for=\"first_name\">First Name:<\/label><br \/>\n<span class=\"wpcf7-form-control-wrap\" data-name=\"first_name\"><input size=\"40\" maxlength=\"400\" class=\"wpcf7-form-control wpcf7-text wpcf7-validates-as-required\" aria-required=\"true\" aria-invalid=\"false\" placeholder=\"\" value=\"\" type=\"text\" name=\"first_name\" \/><\/span><span style=\"font-size: smaller; color: darkgrey;\">(required)<\/span>\n<\/p>\n<p><label for=\"last_name\">Last Name:<\/label><br \/>\n<span class=\"wpcf7-form-control-wrap\" data-name=\"last_name\"><input size=\"40\" maxlength=\"400\" class=\"wpcf7-form-control wpcf7-text wpcf7-validates-as-required\" aria-required=\"true\" aria-invalid=\"false\" placeholder=\"\" value=\"\" type=\"text\" name=\"last_name\" \/><\/span><span style=\"font-size: smaller; color: darkgrey;\">(required)<\/span>\n<\/p>\n<p><label for=\"your-email\">Email:<\/label><br \/>\n<span class=\"wpcf7-form-control-wrap\" data-name=\"your-email\"><input size=\"40\" maxlength=\"400\" class=\"wpcf7-form-control wpcf7-email wpcf7-validates-as-required wpcf7-text wpcf7-validates-as-email\" aria-required=\"true\" aria-invalid=\"false\" value=\"\" type=\"email\" name=\"your-email\" \/><\/span><span style=\"font-size: smaller; color: darkgrey;\">(required)<\/span>\n<\/p>\n<p><label for=\"business_name\">Business Name:<\/label><br \/>\n<span class=\"wpcf7-form-control-wrap\" data-name=\"business_name\"><input size=\"40\" maxlength=\"400\" class=\"wpcf7-form-control wpcf7-text wpcf7-validates-as-required\" aria-required=\"true\" aria-invalid=\"false\" value=\"\" type=\"text\" name=\"business_name\" \/><\/span><span style=\"font-size: smaller; color: darkgrey;\">(required)<\/span>\n<\/p>\n<p><label for=\"website\">Website:<\/label><br \/>\n<span class=\"wpcf7-form-control-wrap\" data-name=\"website\"><input size=\"40\" maxlength=\"400\" class=\"wpcf7-form-control wpcf7-url wpcf7-text wpcf7-validates-as-url\" aria-invalid=\"false\" value=\"\" type=\"url\" name=\"website\" \/><\/span>\n<\/p>\n<p><label for=\"social_media\">Social Media Account:<\/label><br \/>\n<span class=\"wpcf7-form-control-wrap\" data-name=\"social_media\"><input size=\"40\" maxlength=\"400\" class=\"wpcf7-form-control wpcf7-text\" aria-invalid=\"false\" value=\"\" type=\"text\" name=\"social_media\" \/><\/span>\n<\/p>\n<p><label for=\"city_region\">City\/Region:<\/label><br \/>\n<span class=\"wpcf7-form-control-wrap\" data-name=\"city_region\"><input size=\"40\" maxlength=\"400\" class=\"wpcf7-form-control wpcf7-text\" aria-invalid=\"false\" value=\"\" type=\"text\" name=\"city_region\" \/><\/span>\n<\/p>\n<p><label for=\"business_info\">Tell us about your business:<\/label>\n<\/p>\n<p><span class=\"wpcf7-form-control-wrap\" data-name=\"business_info\"><textarea cols=\"40\" rows=\"10\" maxlength=\"2000\" class=\"wpcf7-form-control wpcf7-textarea wpcf7-validates-as-required\" aria-required=\"true\" aria-invalid=\"false\" placeholder=\"Be very specific about it and describe in detail what do you think it&#039;s important for us to know for now.\" name=\"business_info\"><\/textarea><\/span><span style=\"font-size: smaller; color: darkgrey;\">(required)<\/span>\n<\/p>\n<p><label for=\"vision\">Tell us about your vision regarding the new design system:<\/label>\n<\/p>\n<p><span class=\"wpcf7-form-control-wrap\" data-name=\"vision\"><textarea cols=\"40\" rows=\"10\" maxlength=\"2000\" class=\"wpcf7-form-control wpcf7-textarea wpcf7-validates-as-required\" aria-required=\"true\" aria-invalid=\"false\" name=\"vision\"><\/textarea><\/span><span style=\"font-size: smaller; color: darkgrey;\">(required)<\/span>\n<\/p>\n<p><label for=\"other\">Any other thing you want to add to this form:<\/label><br \/>\n<span class=\"wpcf7-form-control-wrap\" data-name=\"other\"><textarea cols=\"40\" rows=\"10\" maxlength=\"2000\" class=\"wpcf7-form-control wpcf7-textarea\" aria-invalid=\"false\" name=\"other\"><\/textarea><\/span>\n<\/p>\n<p><span class=\"wpcf7-form-control-wrap\" data-name=\"acceptance-pp\"><span class=\"wpcf7-form-control wpcf7-acceptance\"><span class=\"wpcf7-list-item\"><label><input type=\"checkbox\" name=\"acceptance-pp\" value=\"1\" aria-invalid=\"false\" \/><span class=\"wpcf7-list-item-label\">I have read and agree to the <a href=\"https:\/\/zigzagzig.ro\/en\/privacy-policy\/\">Privacy Policy<\/a> <span style=\"font-size: smaller; color: darkgrey;\">(required)<\/span><\/label><br><\/span><\/label><\/span><\/span><\/span>\n<\/p>\n<p><input type=\"submit\" value=\"Submit\" \/>\n<\/p><div class=\"wpcf7-response-output\" aria-hidden=\"true\"><\/div>\n<input type=\"hidden\" name=\"trp-form-language\" value=\"en\"\/><\/form>\n<\/div>\n\n\t\t<\/div>\n\t<\/div>\n\n\t\t\t<\/div> \n\t\t<\/div>\n\t<\/div> \n<\/div><\/div>","protected":false},"excerpt":{"rendered":"Contact Ai un proiect \u00een minte? Vrei s\u0103 lucr\u0103m \u00eempreun\u0103? Sau pur \u0219i simplu e\u0219ti curios? Completeaz\u0103 formularul sau programeaz\u0103 o \u00eent\u00e2lnire gratuit\u0103 aici \u0219i hai s\u0103 vorbim! First Name:...","protected":false},"author":1,"featured_media":0,"parent":0,"menu_order":0,"comment_status":"closed","ping_status":"closed","template":"","meta":{"_seopress_robots_primary_cat":"","_seopress_titles_title":"Contact - Studio Graphic Design Bucure\u0219ti","_seopress_titles_desc":"Ai un proiect \u00een minte? Vrei s\u0103 lucr\u0103m \u00eempreun\u0103? Sau pur \u0219i simplu e\u0219ti curios? Completeaz\u0103 formularul de contact \u0219i hai s\u0103 vorbim!","_seopress_robots_index":"","content-type":"","footnotes":""},"class_list":["post-570","page","type-page","status-publish"],"_links":{"self":[{"href":"https:\/\/zigzagzig.ro\/en\/wp-json\/wp\/v2\/pages\/570","targetHints":{"allow":["GET"]}}],"collection":[{"href":"https:\/\/zigzagzig.ro\/en\/wp-json\/wp\/v2\/pages"}],"about":[{"href":"https:\/\/zigzagzig.ro\/en\/wp-json\/wp\/v2\/types\/page"}],"author":[{"embeddable":true,"href":"https:\/\/zigzagzig.ro\/en\/wp-json\/wp\/v2\/users\/1"}],"replies":[{"embeddable":true,"href":"https:\/\/zigzagzig.ro\/en\/wp-json\/wp\/v2\/comments?post=570"}],"version-history":[{"count":0,"href":"https:\/\/zigzagzig.ro\/en\/wp-json\/wp\/v2\/pages\/570\/revisions"}],"wp:attachment":[{"href":"https:\/\/zigzagzig.ro\/en\/wp-json\/wp\/v2\/media?parent=570"}],"curies":[{"name":"wp","href":"https:\/\/api.w.org\/{rel}","templated":true}]}}