{"id":702,"date":"2024-02-06T21:17:24","date_gmt":"2024-02-06T21:17:24","guid":{"rendered":"https:\/\/zigzagzig.ro\/?page_id=702"},"modified":"2024-06-04T13:11:30","modified_gmt":"2024-06-04T13:11:30","slug":"team","status":"publish","type":"page","link":"https:\/\/zigzagzig.ro\/en\/team\/","title":{"rendered":"Team"},"content":{"rendered":"<div id=\"team\"  data-column-margin=\"default\" data-midnight=\"dark\" data-top-percent=\"5%\" data-bottom-percent=\"5%\"  class=\"wpb_row vc_row-fluid vc_row full-width-content vc_row-o-equal-height vc_row-flex vc_row-o-content-top  right_padding_6pct left_padding_6pct top_padding_tablet_10pct bottom_padding_tablet_10pct\"  style=\"padding-top: calc(100vw * 0.05); padding-bottom: calc(100vw * 0.05); \"><div class=\"row-bg-wrap\" data-bg-animation=\"none\" data-bg-animation-delay=\"\" data-bg-overlay=\"false\"><div class=\"inner-wrap row-bg-layer\" ><div class=\"row-bg viewport-desktop\"  style=\"\"><\/div><\/div><\/div><div class=\"row_col_wrap_12 col span_12 dark left\">\n\t<div  class=\"vc_col-sm-4 wpb_column column_container vc_column_container col nectar-sticky-column-css has-animation no-extra-padding inherit_tablet inherit_phone\"  data-padding-pos=\"all\" data-has-bg-color=\"false\" data-bg-color=\"\" data-bg-opacity=\"1\" data-animation=\"fade-in-from-bottom\" data-delay=\"0\" >\n\t\t<div class=\"n-sticky\"><div class=\"vc_column-inner\" >\n\t\t\t<div class=\"wpb_wrapper\">\n\t\t\t\t<div class=\"nectar-split-heading  font_size_3vw\" data-align=\"default\" data-m-align=\"inherit\" data-text-effect=\"none\" data-animation-type=\"line-reveal-by-space\" data-animation-delay=\"0\" data-animation-offset=\"\" data-m-rm-animation=\"\" data-stagger=\"\" data-custom-font-size=\"true\" style=\"font-size: 3vw; line-height: 3.3vw;\"><h1 >Meet the team<\/h1><\/div><div class=\"nectar-split-heading  font_size_1vw font_size_tablet_18px font_size_phone_16px font_line_height_1-7\" data-align=\"default\" data-m-align=\"inherit\" data-text-effect=\"none\" data-animation-type=\"line-reveal-by-space\" data-animation-delay=\"0\" data-animation-offset=\"\" data-m-rm-animation=\"\" data-stagger=\"\" data-custom-font-size=\"true\" style=\"font-size: 1.1vw; line-height: 1.21vw;\"><p >We are a creative team passionate about design, committed to providing innovative and high-quality solutions to our clients.<\/p>\n<p>Driven by a shared passion for pushing boundaries and offering fresh perspectives, we founded Zig Zag Zig to redefine the way clients interact with design. Specializing in visual identity design, we bring our unique blend of creativity and expertise to every project we take on.<\/p>\n<p>For us, it\u2019s not just about collaboration\u2014it\u2019s about creating a friendly atmosphere. We look forward to getting to know you and welcoming you into our creative universe!<\/p><\/div>\n\t\t\t<\/div> \n\t\t<\/div><\/div>\n\t<\/div> \n\n\t<div  class=\"vc_col-sm-8 wpb_column column_container vc_column_container col padding-6-percent el_spacing_0px no-extra-padding_tablet no-extra-padding_phone\"  data-padding-pos=\"left\" data-has-bg-color=\"false\" data-bg-color=\"\" data-bg-opacity=\"1\" data-animation=\"\" data-delay=\"0\" >\n\t\t<div class=\"vc_column-inner\" >\n\t\t\t<div class=\"wpb_wrapper\">\n\t\t\t\t<div id=\"fws_69fae4d7b2754\" data-midnight=\"\" data-column-margin=\"30px\" class=\"wpb_row vc_row-fluid vc_row inner_row  top_padding_tablet_40px bottom_padding_tablet_0px\"  style=\"padding-bottom: 20px; \"><div class=\"row-bg-wrap\"> <div class=\"row-bg\" ><\/div> <\/div><div class=\"row_col_wrap_12_inner col span_12  left\">\n\t<div  class=\"vc_col-sm-6 wpb_column column_container vc_column_container col child_column no-extra-padding inherit_tablet inherit_phone\"    data-t-w-inherits=\"small_desktop\" data-padding-pos=\"all\" data-has-bg-color=\"false\" data-bg-color=\"\" data-bg-opacity=\"1\" data-animation=\"\" data-delay=\"0\" >\n\t\t<div class=\"vc_column-inner\" >\n\t\t<div class=\"wpb_wrapper\">\n\t\t\t<div class=\"team-member\" role=\"button\" tabindex=\"0\" data-style=\"bio_fullscreen_alt\"><div class=\"team-member-image\"><div class=\"team-member-image-inner\"><img loading=\"lazy\" decoding=\"async\" src=\"https:\/\/zigzagzig.ro\/wp-content\/uploads\/2024\/03\/Image-2_Me-e1709559194246.jpg\" width=\"500\" height=\"500\" alt=\"Imagine Andre Matei, portofoliu\" \/><\/div><\/div><div class=\"team-member-overlay\"><\/div>\n    <div class=\"team-meta\"><h5>Fondator, Project manager, Graphic Designer<\/h5><h3>Andrei Matei<\/h3><p><\/p><\/div>\n    <div class=\"nectar_team_bio_img\" data-img-src=\"https:\/\/zigzagzig.ro\/wp-content\/uploads\/2024\/03\/Image-2_Me-e1709559194246.jpg\"><\/div>\n    <div class=\"nectar_team_bio\"><div class=\"bottom_meta\"><a href=\"https:\/\/www.instagram.com\/andremattdesigns\/\" target=\"_blank\"><i class=\"icon-default-style fa fa-instagram\"><\/i><\/a><a href=\"https:\/\/www.linkedin.com\/in\/andrei-matei28\/\" target=\"_blank\"><i class=\"icon-default-style fa fa-linkedin\"><\/i><\/a><\/div><\/div>\n    <\/div>\n\t\t<\/div> \n\t<\/div>\n\t<\/div> \n\n\t<div  class=\"vc_col-sm-6 wpb_column column_container vc_column_container col child_column no-extra-padding inherit_tablet inherit_phone\"    data-t-w-inherits=\"small_desktop\" data-padding-pos=\"all\" data-has-bg-color=\"false\" data-bg-color=\"\" data-bg-opacity=\"1\" data-animation=\"\" data-delay=\"0\" >\n\t\t<div class=\"vc_column-inner\" >\n\t\t<div class=\"wpb_wrapper\">\n\t\t\t<div class=\"team-member\" role=\"button\" tabindex=\"0\" data-style=\"bio_fullscreen_alt\"><div class=\"team-member-image\"><div class=\"team-member-image-inner\"><img loading=\"lazy\" decoding=\"async\" src=\"https:\/\/zigzagzig.ro\/wp-content\/uploads\/2024\/06\/WhatsApp-Image-2024-06-04-at-00.25.41.jpeg\" width=\"500\" height=\"500\" alt=\"Imagine Denis\" \/><\/div><\/div><div class=\"team-member-overlay\"><\/div>\n    <div class=\"team-meta\"><h5>Fondator, Graphic Designer, Ilustrator<\/h5><h3>Denis Ni\u021bu<\/h3><p><\/p><\/div>\n    <div class=\"nectar_team_bio_img\" data-img-src=\"https:\/\/zigzagzig.ro\/wp-content\/uploads\/2024\/06\/WhatsApp-Image-2024-06-04-at-00.25.41.jpeg\"><\/div>\n    <div class=\"nectar_team_bio\"><div class=\"bottom_meta\"><a href=\"#\" target=\"_blank\"><i class=\"icon-default-style fa fa-facebook\"><\/i><\/a><a href=\"#\" target=\"_blank\"><i class=\"icon-default-style fa fa-envelope\"><\/i><\/a><\/div><\/div>\n    <\/div>\n\t\t<\/div> \n\t<\/div>\n\t<\/div> \n<\/div><\/div>\n\t\t\t<\/div> \n\t\t<\/div>\n\t<\/div> \n<\/div><\/div>","protected":false},"excerpt":{"rendered":"Cunoa\u0219te echipaSuntem o echip\u0103 creativ\u0103 pasionat\u0103 de design, care \u00ee\u0219i propune s\u0103 ofere solu\u021bii inovatoare \u0219i de calitate clien\u021bilor no\u0219tri. Alimenta\u021bi de o pasiune comun\u0103 pentru dep\u0103\u0219irea grani\u021belor \u0219i pentru...","protected":false},"author":1,"featured_media":0,"parent":0,"menu_order":0,"comment_status":"closed","ping_status":"closed","template":"","meta":{"_seopress_robots_primary_cat":"","_seopress_titles_title":"Echipa noastr\u0103 | ZigZagZig","_seopress_titles_desc":"Echipa dedicat\u0103 succesului dumneavoastr\u0103: Vom colabora str\u00e2ns cu dumneavoastr\u0103 pentru a v\u0103 oferi cele mai bune solu\u021bii de design.","_seopress_robots_index":"","content-type":"","footnotes":""},"class_list":["post-702","page","type-page","status-publish"],"_links":{"self":[{"href":"https:\/\/zigzagzig.ro\/en\/wp-json\/wp\/v2\/pages\/702","targetHints":{"allow":["GET"]}}],"collection":[{"href":"https:\/\/zigzagzig.ro\/en\/wp-json\/wp\/v2\/pages"}],"about":[{"href":"https:\/\/zigzagzig.ro\/en\/wp-json\/wp\/v2\/types\/page"}],"author":[{"embeddable":true,"href":"https:\/\/zigzagzig.ro\/en\/wp-json\/wp\/v2\/users\/1"}],"replies":[{"embeddable":true,"href":"https:\/\/zigzagzig.ro\/en\/wp-json\/wp\/v2\/comments?post=702"}],"version-history":[{"count":0,"href":"https:\/\/zigzagzig.ro\/en\/wp-json\/wp\/v2\/pages\/702\/revisions"}],"wp:attachment":[{"href":"https:\/\/zigzagzig.ro\/en\/wp-json\/wp\/v2\/media?parent=702"}],"curies":[{"name":"wp","href":"https:\/\/api.w.org\/{rel}","templated":true}]}}